{"id":133,"date":"2020-08-23T18:57:31","date_gmt":"2020-08-23T18:57:31","guid":{"rendered":"https:\/\/cura4you-berlin.de\/?page_id=133"},"modified":"2021-06-03T08:39:39","modified_gmt":"2021-06-03T08:39:39","slug":"impressum","status":"publish","type":"page","link":"https:\/\/cura4you-berlin.de\/index.php\/impressum\/","title":{"rendered":"Impressum"},"content":{"rendered":"<p>[et_pb_section fb_built=&#8220;1&#8243; _builder_version=&#8220;4.4.7&#8243;][et_pb_row _builder_version=&#8220;4.4.7&#8243;][et_pb_column type=&#8220;4_4&#8243; _builder_version=&#8220;4.4.7&#8243;][et_pb_text _builder_version=&#8220;4.4.7&#8243; hover_enabled=&#8220;0&#8243;]<\/p>\n<div class=\"et_pb_module et_pb_text et_pb_text_0  et_pb_text_align_left et_pb_bg_layout_light\">\n<div class=\"et_pb_text_inner\">\n<div class=\"et_pb_module et_pb_text et_pb_text_0  et_pb_text_align_left et_pb_bg_layout_light\">\n<div class=\"et_pb_text_inner\">\n<h1>Impressum<\/h1>\n<h2>Angaben gem\u00e4\u00df \u00a7 5 TMG<\/h2>\n<div class=\"signature\"><\/div>\n<div class=\"signature\"><span>cura4you ambulanter Pflegedienst<\/span><\/div>\n<div class=\"signature\"><span>Fasanenstr. 35<\/span><\/div>\n<div class=\"signature\"><span>10719 Berlin<\/span><\/div>\n<div class=\"signature\"><\/div>\n<div class=\"signature\"><span>Tel.\u00a0 030 &#8211; 25209844<\/span><\/div>\n<div class=\"signature\"><span>Fax: 030 &#8211; 25209843<\/span><\/div>\n<div class=\"signature\"><\/div>\n<div class=\"signature\"><span>E-Mail:\u00a0<a href=\"mailto:cura4you-berlin@web.de\" class=\"mailto-link\" target=\"_blank\" rel=\"noopener noreferrer\">cura4you-berlin@web.de<\/a><\/span><\/div>\n<div class=\"signature\">\u00a0<span>Inhaberin: T. Rosenzweig<\/span><\/div>\n<div class=\"signature\">\u00a0IK-Nr. :\u00a0<span>\u00a0<\/span><span>461114065<\/span><\/div>\n<\/div>\n<\/div>\n<div class=\"et_pb_module et_pb_text et_pb_text_1  et_pb_text_align_left et_pb_bg_layout_light\">\n<div class=\"et_pb_text_inner\">\n<p><strong>Rechtlicher Hinweis:<\/strong><span>\u00a0<\/span>Die Inhalte unserer Internetseite werden mit gr\u00f6\u00dfter Sorgfalt recherchiert. Dennoch kann der Anbieter keine Haftung f\u00fcr die Richtigkeit, Vollst\u00e4ndigkeit und Aktualit\u00e4t der bereit gestellten Informationen \u00fcbernehmen. Die Informationen sind insbesondere auch allgemeiner Art und stellen keine Rechtsberatung im Einzelfall dar. Zur L\u00f6sung von konkreten Rechtsf\u00e4llen konsultieren Sie bitte unbedingt vorher einen Rechtsanwalt. Die Benutzung erfolgt ausschlie\u00dflich auf eigenes Risiko.<\/p>\n<\/div>\n<\/div>\n<div class=\"et_pb_module et_pb_text et_pb_text_2  et_pb_text_align_left et_pb_bg_layout_light\">\n<div class=\"et_pb_text_inner\">\n<h3>Urheberrecht<\/h3>\n<p>Falls nicht anders angegeben, unterliegen alle Seiten dieses Webangebotes dem Urheberrecht (Copyright). Dies gilt insbesondere f\u00fcr Texte, Bilder, Grafiken und Style-Dateien, einschlie\u00dflich deren Anordnung auf den Websites.<\/p>\n<p>Eine Vervielf\u00e4ltigung oder Verwendung von Websites (oder von Teilen daraus) in anderen elektronischen oder gedruckten Publikationen und deren Ver\u00f6ffentlichung (auch im Internet) ist nur nach vorheriger Genehmigung gestattet.<\/p>\n<p>Weiterhin k\u00f6nnen Bilder, Grafiken, Text- oder sonstige Dateien ganz oder teilweise dem Urheberrecht Dritter unterliegen.<\/p>\n<p>Alle innerhalb des Internetangebotes genannten und ggf. durch Dritte gesch\u00fctzten Marken- und Warenzeichen unterliegen uneingeschr\u00e4nkt den Bestimmungen des jeweils g\u00fcltigen Kennzeichenrechts und den Besitzrechten der jeweiligen eingetragenen Eigent\u00fcmer. Allein aufgrund der blo\u00dfen Nennung in unserem Internetangebot ist nicht der Schluss zu ziehen, dass Markenzeichen nicht durch Rechte Dritter gesch\u00fctzt sind.<\/p>\n<\/div>\n<\/div>\n<\/div>\n<\/div>\n<p>[\/et_pb_text][\/et_pb_column][\/et_pb_row][\/et_pb_section]<\/p>\n","protected":false},"excerpt":{"rendered":"<p>[et_pb_section fb_built=&#8220;1&#8243; _builder_version=&#8220;4.4.7&#8243;][et_pb_row _builder_version=&#8220;4.4.7&#8243;][et_pb_column type=&#8220;4_4&#8243; _builder_version=&#8220;4.4.7&#8243;][et_pb_text _builder_version=&#8220;4.4.7&#8243; hover_enabled=&#8220;0&#8243;] Impressum Angaben gem\u00e4\u00df \u00a7 5 TMG cura4you ambulanter Pflegedienst Fasanenstr. 35 10719 Berlin Tel.\u00a0 030 &#8211; 25209844 Fax: 030 &#8211; 25209843 E-Mail:\u00a0cura4you-berlin@web.de \u00a0Inhaberin: T. Rosenzweig \u00a0IK-Nr. :\u00a0\u00a0461114065 Rechtlicher Hinweis:\u00a0Die Inhalte unserer Internetseite werden mit gr\u00f6\u00dfter Sorgfalt recherchiert. Dennoch kann der Anbieter keine Haftung f\u00fcr die Richtigkeit, Vollst\u00e4ndigkeit [&hellip;]<\/p>\n","protected":false},"author":2,"featured_media":0,"parent":0,"menu_order":0,"comment_status":"closed","ping_status":"closed","template":"","meta":{"_et_pb_use_builder":"on","_et_pb_old_content":"","_et_gb_content_width":"","footnotes":""},"_links":{"self":[{"href":"https:\/\/cura4you-berlin.de\/index.php\/wp-json\/wp\/v2\/pages\/133"}],"collection":[{"href":"https:\/\/cura4you-berlin.de\/index.php\/wp-json\/wp\/v2\/pages"}],"about":[{"href":"https:\/\/cura4you-berlin.de\/index.php\/wp-json\/wp\/v2\/types\/page"}],"author":[{"embeddable":true,"href":"https:\/\/cura4you-berlin.de\/index.php\/wp-json\/wp\/v2\/users\/2"}],"replies":[{"embeddable":true,"href":"https:\/\/cura4you-berlin.de\/index.php\/wp-json\/wp\/v2\/comments?post=133"}],"version-history":[{"count":3,"href":"https:\/\/cura4you-berlin.de\/index.php\/wp-json\/wp\/v2\/pages\/133\/revisions"}],"predecessor-version":[{"id":245,"href":"https:\/\/cura4you-berlin.de\/index.php\/wp-json\/wp\/v2\/pages\/133\/revisions\/245"}],"wp:attachment":[{"href":"https:\/\/cura4you-berlin.de\/index.php\/wp-json\/wp\/v2\/media?parent=133"}],"curies":[{"name":"wp","href":"https:\/\/api.w.org\/{rel}","templated":true}]}}